{"id":1531,"date":"2023-01-29T15:52:45","date_gmt":"2023-01-29T14:52:45","guid":{"rendered":"https:\/\/www.lomnicagarden.sk\/?page_id=1531"},"modified":"2024-12-18T11:31:03","modified_gmt":"2024-12-18T10:31:03","slug":"gdpr","status":"publish","type":"page","link":"https:\/\/www.lomnicagarden.sk\/en\/gdpr\/","title":{"rendered":"GDPR"},"content":{"rendered":"<div data-elementor-type=\"wp-page\" data-elementor-id=\"1531\" class=\"elementor elementor-1531\">\n\t\t\t\t\t\t<section class=\"elementor-section elementor-top-section elementor-element elementor-element-ca7541c elementor-section-height-min-height elementor-section-boxed elementor-section-height-default elementor-section-items-middle\" data-id=\"ca7541c\" data-element_type=\"section\" data-e-type=\"section\" data-settings=\"{&quot;background_background&quot;:&quot;classic&quot;}\">\n\t\t\t\t\t\t\t<div class=\"elementor-background-overlay\"><\/div>\n\t\t\t\t\t\t\t<div class=\"elementor-container elementor-column-gap-default\">\n\t\t\t\t\t<div class=\"elementor-column elementor-col-100 elementor-top-column elementor-element elementor-element-be10890\" data-id=\"be10890\" data-element_type=\"column\" data-e-type=\"column\">\n\t\t\t<div class=\"elementor-widget-wrap elementor-element-populated\">\n\t\t\t\t\t\t<div class=\"elementor-element elementor-element-02500f6 elementor-widget elementor-widget-heading\" data-id=\"02500f6\" data-element_type=\"widget\" data-e-type=\"widget\" data-widget_type=\"heading.default\">\n\t\t\t\t<div class=\"elementor-widget-container\">\n\t\t\t\t\t<h1 class=\"elementor-heading-title elementor-size-default\">Ochrana osobn\u00fdch \u00fadajov<\/h1>\t\t\t\t<\/div>\n\t\t\t\t<\/div>\n\t\t\t\t<div class=\"elementor-element elementor-element-0708f7f elementor-widget elementor-widget-heading\" data-id=\"0708f7f\" data-element_type=\"widget\" data-e-type=\"widget\" data-widget_type=\"heading.default\">\n\t\t\t\t<div class=\"elementor-widget-container\">\n\t\t\t\t\t<h1 class=\"elementor-heading-title elementor-size-default\">GDPR<\/h1>\t\t\t\t<\/div>\n\t\t\t\t<\/div>\n\t\t\t\t\t<\/div>\n\t\t<\/div>\n\t\t\t\t\t<\/div>\n\t\t<\/section>\n\t\t\t\t<section class=\"elementor-section elementor-top-section elementor-element elementor-element-8c9c816 elementor-section-boxed elementor-section-height-default elementor-section-height-default\" data-id=\"8c9c816\" data-element_type=\"section\" data-e-type=\"section\">\n\t\t\t\t\t\t<div class=\"elementor-container elementor-column-gap-default\">\n\t\t\t\t\t<div class=\"elementor-column elementor-col-100 elementor-top-column elementor-element elementor-element-545e80a\" data-id=\"545e80a\" data-element_type=\"column\" data-e-type=\"column\">\n\t\t\t<div class=\"elementor-widget-wrap elementor-element-populated\">\n\t\t\t\t\t\t<div class=\"elementor-element elementor-element-5e39956 elementor-widget elementor-widget-spacer\" data-id=\"5e39956\" data-element_type=\"widget\" data-e-type=\"widget\" data-widget_type=\"spacer.default\">\n\t\t\t\t<div class=\"elementor-widget-container\">\n\t\t\t\t\t\t\t<div class=\"elementor-spacer\">\n\t\t\t<div class=\"elementor-spacer-inner\"><\/div>\n\t\t<\/div>\n\t\t\t\t\t\t<\/div>\n\t\t\t\t<\/div>\n\t\t\t\t\t<\/div>\n\t\t<\/div>\n\t\t\t\t\t<\/div>\n\t\t<\/section>\n\t\t\t\t<section class=\"elementor-section elementor-top-section elementor-element elementor-element-0fbae8c elementor-section-boxed elementor-section-height-default elementor-section-height-default\" data-id=\"0fbae8c\" data-element_type=\"section\" data-e-type=\"section\">\n\t\t\t\t\t\t<div class=\"elementor-container elementor-column-gap-default\">\n\t\t\t\t\t<div class=\"elementor-column elementor-col-100 elementor-top-column elementor-element elementor-element-2fc964f\" data-id=\"2fc964f\" data-element_type=\"column\" data-e-type=\"column\">\n\t\t\t<div class=\"elementor-widget-wrap elementor-element-populated\">\n\t\t\t\t\t\t<div class=\"elementor-element elementor-element-41e1e9e elementor-widget elementor-widget-heading\" data-id=\"41e1e9e\" data-element_type=\"widget\" data-e-type=\"widget\" data-widget_type=\"heading.default\">\n\t\t\t\t<div class=\"elementor-widget-container\">\n\t\t\t\t\t<h2 class=\"elementor-heading-title elementor-size-default\">Ochrana osobn\u00fdch \u00fadajov<\/h2>\t\t\t\t<\/div>\n\t\t\t\t<\/div>\n\t\t\t\t\t<\/div>\n\t\t<\/div>\n\t\t\t\t\t<\/div>\n\t\t<\/section>\n\t\t\t\t<section class=\"elementor-section elementor-top-section elementor-element elementor-element-6a629c5 elementor-section-boxed elementor-section-height-default elementor-section-height-default\" data-id=\"6a629c5\" data-element_type=\"section\" data-e-type=\"section\">\n\t\t\t\t\t\t<div class=\"elementor-container elementor-column-gap-default\">\n\t\t\t\t\t<div class=\"elementor-column elementor-col-100 elementor-top-column elementor-element elementor-element-34947d2\" data-id=\"34947d2\" data-element_type=\"column\" data-e-type=\"column\">\n\t\t\t<div class=\"elementor-widget-wrap elementor-element-populated\">\n\t\t\t\t\t\t<div class=\"elementor-element elementor-element-9909c7f elementor-widget elementor-widget-text-editor\" data-id=\"9909c7f\" data-element_type=\"widget\" data-e-type=\"widget\" data-widget_type=\"text-editor.default\">\n\t\t\t\t<div class=\"elementor-widget-container\">\n\t\t\t\t\t\t\t\t\t<p class=\"font_8\"><span class=\"color_14\">Inform\u00e1cie o\u00a0spracovan\u00ed osobn\u00fdch \u00fadajov<\/span><\/p><p class=\"font_8\"><span class=\"color_14\">v\u00a0nadv\u00e4znosti na GENERAL DATA PROTECTION REGULATION (GDPR) &#8211; Nariadenie Eur\u00f3pskeho Parlamentu a\u00a0Rady E\u00da 2016\/679 zo d\u0148a 27. apr\u00edla 2016 o\u00a0ochrane fyzick\u00fdch os\u00f4b v\u00a0s\u00favislosti so spracovan\u00edm osobn\u00fdch \u00fadajov a\u00a0o\u00a0vo\u013enom pohybe t\u00fdchto \u00fadajov<\/span><\/p><p class=\"font_8\"><span class=\"color_14\">N\u00e1zov zariadenia:\u00a0 \u00a0 Apartm\u00e1n Lomnica Garden ,<\/span><\/p><p class=\"font_8\"><span class=\"color_14\">Adresa:\u00a0 \u00a0 \u00a0 \u00a0 \u00a0 \u00a0 \u00a0 \u00a0 \u00a0 \u00a0 \u00a0Tatransk\u00e1 Lomnica 14724, Vysok\u00e9 Tatry<\/span><\/p><p class=\"font_8\"><span class=\"color_14\">Prev\u00e1dzkovate\u013e:\u00a0 \u00a0 \u00a0 \u00a0Freaks, s.r.o.<\/span><\/p><p class=\"font_8\"><span class=\"color_14\">\u00a0 \u00a0 \u00a0 \u00a0 \u00a0 \u00a0 \u00a0 \u00a0 \u00a0 \u00a0 \u00a0 \u00a0 \u00a0 \u00a0 \u00a0 \u00a0 \u00a0 \u00a0I\u010cO: 46078576 \u00a0\u00a0<\/span><\/p><p class=\"font_8\"><span class=\"color_14\">\u00a0 \u00a0 \u00a0 \u00a0 \u00a0 \u00a0 \u00a0 \u00a0 \u00a0 \u00a0 \u00a0 \u00a0 \u00a0 \u00a0 \u00a0 \u00a0 \u00a0 \u00a0Adresa: Tatransk\u00e1 Lomnica 14648, Vysok\u00e9 Tatry<\/span><\/p><p class=\"font_8\"><span class=\"color_14\">(\u010falej ako \u201eUbytovate\u013e\u201c)<\/span><\/p><p class=\"font_8\"><span class=\"color_14\">V\u00a0s\u00favislosti s\u00a0poskytovan\u00edm na\u0161ich ubytovac\u00edch slu\u017eieb vy\u017eadujeme poskytnutie nasleduj\u00facich osobn\u00fdch \u00fadajov ubytovan\u00fdch os\u00f4b:<\/span><\/p><ol class=\"font_8 color_14\"><li><p class=\"font_8\"><span class=\"color_14\">Meno a\u00a0priezvisko<\/span><\/p><\/li><li><p class=\"font_8\"><span class=\"color_14\">Adresa trval\u00e9ho pobytu<\/span><\/p><\/li><li><p class=\"font_8\"><span class=\"color_14\">\u010c\u00edslo ob\u010dianskeho preukazu alebo cestovn\u00e9ho dokladu<\/span><\/p><\/li><li><p class=\"font_8\"><span class=\"color_14\">D\u00e1tum narodenia a\u00a0\u0161t\u00e1tnu pr\u00edslu\u0161nos\u0165 cudzincov<\/span><\/p><\/li><li><p class=\"font_8\"><span class=\"color_14\">Telef\u00f3nne \u010d\u00edslo<\/span><\/p><\/li><\/ol><p class=\"font_8\"><span class=\"color_14\">\u00dadaje 1. a\u017e 3.\u00a0 sme povinn\u00ed pracova\u0165 pre potreby preukaznej evidencie pod\u013ea \u00a7 37 \u2013 43 \u00a0Z\u00e1kona \u010d. 582\/2004 Z. z. o miestnych daniach a miestnom poplatku za komun\u00e1lne odpady a drobn\u00e9 stavebn\u00e9 odpady\u00a0 a V\u0161eobecne z\u00e1v\u00e4zn\u00e9 nariadenie Mesta Vysok\u00e9 Tatry \u010d. 10\/2014 zo d\u0148a 13. novembra 2014 o miestnej dani za ubytovanie<\/span><\/p><p class=\"font_8\"><span class=\"color_14\">\u00dadaje 1. a\u017e 4. sme povinn\u00ed spracova\u0165 pod\u013ea \u00a7 112-113\u00a0Z\u00e1kona \u010d. 404\/2011 Z.z. o\u00a0pobyte cudzincov<\/span><\/p><p class=\"font_8\"><span class=\"color_14\">Evidencia t\u00fdchto \u00fadajov je preto \u00a0pr\u00e1vnou povinnos\u0165ou vz\u0165ahuj\u00facou sa na Ubytovate\u013ea a\u00a0nevy\u017eaduje informovan\u00fd s\u00fahlas ubytovan\u00fdch host\u00ed.<\/span><\/p><p class=\"font_8\"><span class=\"color_14\">Telef\u00f3nne \u010d\u00edslo (5) je potrebn\u00e9 pre komunik\u00e1ciu s\u00a0ubytovan\u00fdmi hos\u0165ami pred aj po\u010das ich pobytu pre \u00fa\u010dely opr\u00e1vnen\u00fdch z\u00e1ujmov Ubytovate\u013ea.<\/span><\/p><p class=\"font_8\"><span class=\"color_14\">V\u0161etky poskytnut\u00e9 \u00fadaje s\u00fa pou\u017eit\u00e9 v\u00fdhradne z\u00e1konom stanoven\u00fdm sp\u00f4sobom, nevyu\u017e\u00edvame ich na marketingov\u00e9 \u00fa\u010dely, ani neposkytujeme tret\u00edm osob\u00e1m.<\/span><\/p>\t\t\t\t\t\t\t\t<\/div>\n\t\t\t\t<\/div>\n\t\t\t\t\t<\/div>\n\t\t<\/div>\n\t\t\t\t\t<\/div>\n\t\t<\/section>\n\t\t\t\t<\/div>","protected":false},"excerpt":{"rendered":"<p>Ochrana osobn\u00fdch \u00fadajov GDPR Ochrana osobn\u00fdch \u00fadajov Inform\u00e1cie o\u00a0spracovan\u00ed osobn\u00fdch \u00fadajov v\u00a0nadv\u00e4znosti na GENERAL DATA PROTECTION REGULATION (GDPR) &#8211; Nariadenie Eur\u00f3pskeho Parlamentu a\u00a0Rady E\u00da 2016\/679 zo d\u0148a 27. apr\u00edla 2016 o\u00a0ochrane fyzick\u00fdch os\u00f4b v\u00a0s\u00favislosti so spracovan\u00edm osobn\u00fdch \u00fadajov a\u00a0o\u00a0vo\u013enom pohybe t\u00fdchto \u00fadajov N\u00e1zov zariadenia:\u00a0 \u00a0 Apartm\u00e1n Lomnica Garden , Adresa:\u00a0 \u00a0 \u00a0 \u00a0 \u00a0 \u00a0 &hellip;<\/p>\n<p class=\"read-more\"> <a class=\"\" href=\"https:\/\/www.lomnicagarden.sk\/en\/gdpr\/\"> <span class=\"screen-reader-text\">GDPR<\/span> Read More &raquo;<\/a><\/p>","protected":false},"author":1,"featured_media":0,"parent":0,"menu_order":0,"comment_status":"closed","ping_status":"closed","template":"","meta":{"site-sidebar-layout":"no-sidebar","site-content-layout":"page-builder","ast-global-header-display":"","ast-main-header-display":"","ast-hfb-above-header-display":"","ast-hfb-below-header-display":"","ast-hfb-mobile-header-display":"","site-post-title":"disabled","ast-breadcrumbs-content":"","ast-featured-img":"disabled","footer-sml-layout":"","theme-transparent-header-meta":"enabled","adv-header-id-meta":"","stick-header-meta":"","header-above-stick-meta":"","header-main-stick-meta":"","header-below-stick-meta":"","footnotes":""},"class_list":["post-1531","page","type-page","status-publish","hentry"],"_links":{"self":[{"href":"https:\/\/www.lomnicagarden.sk\/en\/wp-json\/wp\/v2\/pages\/1531","targetHints":{"allow":["GET"]}}],"collection":[{"href":"https:\/\/www.lomnicagarden.sk\/en\/wp-json\/wp\/v2\/pages"}],"about":[{"href":"https:\/\/www.lomnicagarden.sk\/en\/wp-json\/wp\/v2\/types\/page"}],"author":[{"embeddable":true,"href":"https:\/\/www.lomnicagarden.sk\/en\/wp-json\/wp\/v2\/users\/1"}],"replies":[{"embeddable":true,"href":"https:\/\/www.lomnicagarden.sk\/en\/wp-json\/wp\/v2\/comments?post=1531"}],"version-history":[{"count":8,"href":"https:\/\/www.lomnicagarden.sk\/en\/wp-json\/wp\/v2\/pages\/1531\/revisions"}],"predecessor-version":[{"id":1979,"href":"https:\/\/www.lomnicagarden.sk\/en\/wp-json\/wp\/v2\/pages\/1531\/revisions\/1979"}],"wp:attachment":[{"href":"https:\/\/www.lomnicagarden.sk\/en\/wp-json\/wp\/v2\/media?parent=1531"}],"curies":[{"name":"wp","href":"https:\/\/api.w.org\/{rel}","templated":true}]}}